{"id":5262,"date":"2017-09-06T09:57:58","date_gmt":"2017-09-06T09:57:58","guid":{"rendered":"http:\/\/roam.mikado-themes.com\/?page_id=5262"},"modified":"2026-03-30T11:06:50","modified_gmt":"2026-03-30T09:06:50","slug":"uti-celok","status":"publish","type":"page","link":"https:\/\/gorbetravel.hu\/en\/uti-celok\/","title":{"rendered":"Destinations"},"content":{"rendered":"<nav aria-label=\"breadcrumbs\" class=\"rank-math-breadcrumb\"><p><span class=\"last\">Home<\/span><\/p><\/nav>\n\n\n\n<div class=\"wp-block-group alignwide\" style=\"margin-top:var(--wp--preset--spacing--100);margin-bottom:var(--wp--preset--spacing--100);padding-top:0;padding-right:15px;padding-bottom:0;padding-left:15px\"><div class=\"wp-block-group__inner-container is-layout-flow wp-block-group-is-layout-flow\">\n<div class=\"wp-block-group alignwide\" style=\"margin-top:0px;margin-bottom:0px;padding-bottom:56px\"><div class=\"wp-block-group__inner-container is-layout-flow wp-block-group-is-layout-flow\"><style id=\"wptravelenginetripblocks-cVn2j-sMG5r-TzsE9\">@media(max-width: 1024px){}@media(max-width: 767px){}<\/style><div class=\"wp-block-wptravelengine wpte-gblock-wrapper\">\n\t\t<div class=\"wte-d-flex wte-layout-grid wte-col-3 wpte-trip-list-wrapper columns-3\">\n\t\t<div class=\"wpte-trip-category style-1\">\n\t<div class=\"wpte-inner-container\">\n\t\t<div class=\"wpte-trip-category-img-wrap\">\n\t\t\t<figure class=\"thumbnail\">\n\t\t\t\t\t\t\t\t<a href=\"https:\/\/gorbetravel.hu\/en\/uti-celok\/szekelyfold\/\">\n\t\t\t\t\t<img decoding=\"async\" src=\"https:\/\/gorbetravel.hu\/wp-content\/uploads\/2025\/11\/panzio-farkaslaka-30-990x490.png\" alt=\"\" \/>\n\t\t\t\t<\/a>\n\t\t\t\t\t\t\t<\/figure>\n\t\t<\/div>\n\t\t\t\t\t<div class=\"wpte-trip-category-text-wrap\">\n\t\t\t\t<h2 class=\"wpte-trip-category-title\"><a href=\"https:\/\/gorbetravel.hu\/en\/uti-celok\/szekelyfold\/\">Sz\u00e9kelyf\u00f6ld<\/a>\n\t\t\t\t\t\t\t<\/h2>\n\t\t<\/div>\n\t\t\t<\/div>\n<\/div>\n<div class=\"wpte-trip-category style-1\">\n\t<div class=\"wpte-inner-container\">\n\t\t<div class=\"wpte-trip-category-img-wrap\">\n\t\t\t<figure class=\"thumbnail\">\n\t\t\t\t\t\t\t\t<a href=\"https:\/\/gorbetravel.hu\/en\/uti-celok\/egynapos\/\">\n\t\t\t\t\t<img decoding=\"async\" src=\"https:\/\/gorbetravel.hu\/wp-content\/uploads\/2025\/11\/lagrotta_afd6f65620fedc89d77a650e962900821667563462-990x490.jpg\" alt=\"\" \/>\n\t\t\t\t<\/a>\n\t\t\t\t\t\t\t<\/figure>\n\t\t<\/div>\n\t\t\t\t\t<div class=\"wpte-trip-category-text-wrap\">\n\t\t\t\t<h2 class=\"wpte-trip-category-title\"><a href=\"https:\/\/gorbetravel.hu\/en\/uti-celok\/egynapos\/\">One-day<\/a>\n\t\t\t\t\t\t\t<\/h2>\n\t\t<\/div>\n\t\t\t<\/div>\n<\/div>\n<div class=\"wpte-trip-category style-1\">\n\t<div class=\"wpte-inner-container\">\n\t\t<div class=\"wpte-trip-category-img-wrap\">\n\t\t\t<figure class=\"thumbnail\">\n\t\t\t\t\t\t\t\t<a href=\"https:\/\/gorbetravel.hu\/en\/uti-celok\/horvatorszag\/\">\n\t\t\t\t\t<img decoding=\"async\" src=\"https:\/\/gorbetravel.hu\/wp-content\/uploads\/2025\/11\/high-angle-view-split-dalmatia-croatia-990x490.jpg\" alt=\"\" \/>\n\t\t\t\t<\/a>\n\t\t\t\t\t\t\t<\/figure>\n\t\t<\/div>\n\t\t\t\t\t<div class=\"wpte-trip-category-text-wrap\">\n\t\t\t\t<h2 class=\"wpte-trip-category-title\"><a href=\"https:\/\/gorbetravel.hu\/en\/uti-celok\/horvatorszag\/\">Croatia<\/a>\n\t\t\t\t\t\t\t<\/h2>\n\t\t<\/div>\n\t\t\t<\/div>\n<\/div>\n<div class=\"wpte-trip-category style-1\">\n\t<div class=\"wpte-inner-container\">\n\t\t<div class=\"wpte-trip-category-img-wrap\">\n\t\t\t<figure class=\"thumbnail\">\n\t\t\t\t\t\t\t\t<a href=\"https:\/\/gorbetravel.hu\/en\/uti-celok\/lengyelorszag\/\">\n\t\t\t\t\t<img decoding=\"async\" src=\"https:\/\/gorbetravel.hu\/wp-content\/uploads\/2025\/11\/6078-iD2a.jpg\" alt=\"\" \/>\n\t\t\t\t<\/a>\n\t\t\t\t\t\t\t<\/figure>\n\t\t<\/div>\n\t\t\t\t\t<div class=\"wpte-trip-category-text-wrap\">\n\t\t\t\t<h2 class=\"wpte-trip-category-title\"><a href=\"https:\/\/gorbetravel.hu\/en\/uti-celok\/lengyelorszag\/\">Poland<\/a>\n\t\t\t\t\t\t\t<\/h2>\n\t\t<\/div>\n\t\t\t<\/div>\n<\/div>\n<div class=\"wpte-trip-category style-1\">\n\t<div class=\"wpte-inner-container\">\n\t\t<div class=\"wpte-trip-category-img-wrap\">\n\t\t\t<figure class=\"thumbnail\">\n\t\t\t\t\t\t\t\t<a href=\"https:\/\/gorbetravel.hu\/en\/uti-celok\/szlovakia\/\">\n\t\t\t\t\t<img decoding=\"async\" src=\"https:\/\/gorbetravel.hu\/wp-content\/uploads\/2025\/11\/szlovakia-349577-990x490.jpg\" alt=\"\" \/>\n\t\t\t\t<\/a>\n\t\t\t\t\t\t\t<\/figure>\n\t\t<\/div>\n\t\t\t\t\t<div class=\"wpte-trip-category-text-wrap\">\n\t\t\t\t<h2 class=\"wpte-trip-category-title\"><a href=\"https:\/\/gorbetravel.hu\/en\/uti-celok\/szlovakia\/\">Slovakia<\/a>\n\t\t\t\t\t\t\t<\/h2>\n\t\t<\/div>\n\t\t\t<\/div>\n<\/div>\n<div class=\"wpte-trip-category style-1\">\n\t<div class=\"wpte-inner-container\">\n\t\t<div class=\"wpte-trip-category-img-wrap\">\n\t\t\t<figure class=\"thumbnail\">\n\t\t\t\t\t\t\t\t<a href=\"https:\/\/gorbetravel.hu\/en\/uti-celok\/ausztria\/\">\n\t\t\t\t\t<img decoding=\"async\" src=\"https:\/\/gorbetravel.hu\/wp-content\/uploads\/2025\/11\/Hallstatt-Depositphotos_150719528_S.jpg-980x490.webp\" alt=\"\" \/>\n\t\t\t\t<\/a>\n\t\t\t\t\t\t\t<\/figure>\n\t\t<\/div>\n\t\t\t\t\t<div class=\"wpte-trip-category-text-wrap\">\n\t\t\t\t<h2 class=\"wpte-trip-category-title\"><a href=\"https:\/\/gorbetravel.hu\/en\/uti-celok\/ausztria\/\">Austria<\/a>\n\t\t\t\t\t\t\t<\/h2>\n\t\t<\/div>\n\t\t\t<\/div>\n<\/div>\n<div class=\"wpte-trip-category style-1\">\n\t<div class=\"wpte-inner-container\">\n\t\t<div class=\"wpte-trip-category-img-wrap\">\n\t\t\t<figure class=\"thumbnail\">\n\t\t\t\t\t\t\t\t<a href=\"https:\/\/gorbetravel.hu\/en\/uti-celok\/franciaorszag\/\">\n\t\t\t\t\t<img decoding=\"async\" src=\"https:\/\/gorbetravel.hu\/wp-content\/uploads\/2026\/03\/nizza-1-990x490.jpg\" alt=\"\" \/>\n\t\t\t\t<\/a>\n\t\t\t\t\t\t\t<\/figure>\n\t\t<\/div>\n\t\t\t\t\t<div class=\"wpte-trip-category-text-wrap\">\n\t\t\t\t<h2 class=\"wpte-trip-category-title\"><a href=\"https:\/\/gorbetravel.hu\/en\/uti-celok\/franciaorszag\/\">Franciaorsz\u00e1g<\/a>\n\t\t\t\t\t\t\t<\/h2>\n\t\t<\/div>\n\t\t\t<\/div>\n<\/div>\n<div class=\"wpte-trip-category style-1\">\n\t<div class=\"wpte-inner-container\">\n\t\t<div class=\"wpte-trip-category-img-wrap\">\n\t\t\t<figure class=\"thumbnail\">\n\t\t\t\t\t\t\t\t<a href=\"https:\/\/gorbetravel.hu\/en\/uti-celok\/olaszorszag\/\">\n\t\t\t\t\t<img decoding=\"async\" src=\"https:\/\/gorbetravel.hu\/wp-content\/uploads\/2025\/12\/cinque-terre-1100x660-1.jpg-990x490.webp\" alt=\"\" \/>\n\t\t\t\t<\/a>\n\t\t\t\t\t\t\t<\/figure>\n\t\t<\/div>\n\t\t\t\t\t<div class=\"wpte-trip-category-text-wrap\">\n\t\t\t\t<h2 class=\"wpte-trip-category-title\"><a href=\"https:\/\/gorbetravel.hu\/en\/uti-celok\/olaszorszag\/\">Italy<\/a>\n\t\t\t\t\t\t\t<\/h2>\n\t\t<\/div>\n\t\t\t<\/div>\n<\/div>\n<div class=\"wpte-trip-category style-1\">\n\t<div class=\"wpte-inner-container\">\n\t\t<div class=\"wpte-trip-category-img-wrap\">\n\t\t\t<figure class=\"thumbnail\">\n\t\t\t\t\t\t\t\t<a href=\"https:\/\/gorbetravel.hu\/en\/uti-celok\/csehorszag\/\">\n\t\t\t\t\t<img decoding=\"async\" src=\"https:\/\/gorbetravel.hu\/wp-content\/uploads\/2025\/12\/cseh4-veveri-var-990x490.jpeg\" alt=\"\" \/>\n\t\t\t\t<\/a>\n\t\t\t\t\t\t\t<\/figure>\n\t\t<\/div>\n\t\t\t\t\t<div class=\"wpte-trip-category-text-wrap\">\n\t\t\t\t<h2 class=\"wpte-trip-category-title\"><a href=\"https:\/\/gorbetravel.hu\/en\/uti-celok\/csehorszag\/\">Csehorsz\u00e1g<\/a>\n\t\t\t\t\t\t\t<\/h2>\n\t\t<\/div>\n\t\t\t<\/div>\n<\/div>\n<div class=\"wpte-trip-category style-1\">\n\t<div class=\"wpte-inner-container\">\n\t\t<div class=\"wpte-trip-category-img-wrap\">\n\t\t\t<figure class=\"thumbnail\">\n\t\t\t\t\t\t\t\t<a href=\"https:\/\/gorbetravel.hu\/en\/uti-celok\/szlovenia\/\">\n\t\t\t\t\t<img decoding=\"async\" src=\"https:\/\/gorbetravel.hu\/wp-content\/uploads\/2025\/12\/szlov5-bled-990x490.jpg\" alt=\"\" \/>\n\t\t\t\t<\/a>\n\t\t\t\t\t\t\t<\/figure>\n\t\t<\/div>\n\t\t\t\t\t<div class=\"wpte-trip-category-text-wrap\">\n\t\t\t\t<h2 class=\"wpte-trip-category-title\"><a href=\"https:\/\/gorbetravel.hu\/en\/uti-celok\/szlovenia\/\">Szlov\u00e9nia<\/a>\n\t\t\t\t\t\t\t<\/h2>\n\t\t<\/div>\n\t\t\t<\/div>\n<\/div>\n<div class=\"wpte-trip-category style-1\">\n\t<div class=\"wpte-inner-container\">\n\t\t<div class=\"wpte-trip-category-img-wrap\">\n\t\t\t<figure class=\"thumbnail\">\n\t\t\t\t\t\t\t\t<a href=\"https:\/\/gorbetravel.hu\/en\/uti-celok\/gorogorszag\/\">\n\t\t\t\t\t<img decoding=\"async\" src=\"https:\/\/gorbetravel.hu\/wp-content\/uploads\/2025\/12\/gorog2-sarti2-990x490.jpg\" alt=\"\" \/>\n\t\t\t\t<\/a>\n\t\t\t\t\t\t\t<\/figure>\n\t\t<\/div>\n\t\t\t\t\t<div class=\"wpte-trip-category-text-wrap\">\n\t\t\t\t<h2 class=\"wpte-trip-category-title\"><a href=\"https:\/\/gorbetravel.hu\/en\/uti-celok\/gorogorszag\/\">G\u00f6r\u00f6gorsz\u00e1g<\/a>\n\t\t\t\t\t\t\t<\/h2>\n\t\t<\/div>\n\t\t\t<\/div>\n<\/div>\n<div class=\"wpte-trip-category style-1\">\n\t<div class=\"wpte-inner-container\">\n\t\t<div class=\"wpte-trip-category-img-wrap\">\n\t\t\t<figure class=\"thumbnail\">\n\t\t\t\t\t\t\t\t<a href=\"https:\/\/gorbetravel.hu\/en\/uti-celok\/bulgaria\/\">\n\t\t\t\t\t<img decoding=\"async\" src=\"https:\/\/gorbetravel.hu\/wp-content\/uploads\/2025\/12\/bulgaria-990x490.jpg\" alt=\"\" \/>\n\t\t\t\t<\/a>\n\t\t\t\t\t\t\t<\/figure>\n\t\t<\/div>\n\t\t\t\t\t<div class=\"wpte-trip-category-text-wrap\">\n\t\t\t\t<h2 class=\"wpte-trip-category-title\"><a href=\"https:\/\/gorbetravel.hu\/en\/uti-celok\/bulgaria\/\">Bulg\u00e1ria<\/a>\n\t\t\t\t\t\t\t<\/h2>\n\t\t<\/div>\n\t\t\t<\/div>\n<\/div>\n<div class=\"wpte-trip-category style-1\">\n\t<div class=\"wpte-inner-container\">\n\t\t<div class=\"wpte-trip-category-img-wrap\">\n\t\t\t<figure class=\"thumbnail\">\n\t\t\t\t\t\t\t\t<a href=\"https:\/\/gorbetravel.hu\/en\/uti-celok\/albania\/\">\n\t\t\t\t\t<img decoding=\"async\" src=\"https:\/\/gorbetravel.hu\/wp-content\/uploads\/2025\/12\/albania-1-durres1-990x490.webp\" alt=\"\" \/>\n\t\t\t\t<\/a>\n\t\t\t\t\t\t\t<\/figure>\n\t\t<\/div>\n\t\t\t\t\t<div class=\"wpte-trip-category-text-wrap\">\n\t\t\t\t<h2 class=\"wpte-trip-category-title\"><a href=\"https:\/\/gorbetravel.hu\/en\/uti-celok\/albania\/\">Alb\u00e1nia<\/a>\n\t\t\t\t\t\t\t<\/h2>\n\t\t<\/div>\n\t\t\t<\/div>\n<\/div>\n<div class=\"wpte-trip-category style-1\">\n\t<div class=\"wpte-inner-container\">\n\t\t<div class=\"wpte-trip-category-img-wrap\">\n\t\t\t<figure class=\"thumbnail\">\n\t\t\t\t\t\t\t\t<a href=\"https:\/\/gorbetravel.hu\/en\/uti-celok\/balkani-kalandok\/\">\n\t\t\t\t\t<img decoding=\"async\" src=\"https:\/\/gorbetravel.hu\/wp-content\/uploads\/2025\/12\/balkan-3-Prasuma-Perucica-990x490.webp\" alt=\"\" \/>\n\t\t\t\t<\/a>\n\t\t\t\t\t\t\t<\/figure>\n\t\t<\/div>\n\t\t\t\t\t<div class=\"wpte-trip-category-text-wrap\">\n\t\t\t\t<h2 class=\"wpte-trip-category-title\"><a href=\"https:\/\/gorbetravel.hu\/en\/uti-celok\/balkani-kalandok\/\">Balk\u00e1ni kalandok<\/a>\n\t\t\t\t\t\t\t<\/h2>\n\t\t<\/div>\n\t\t\t<\/div>\n<\/div>\n<div class=\"wpte-trip-category style-1\">\n\t<div class=\"wpte-inner-container\">\n\t\t<div class=\"wpte-trip-category-img-wrap\">\n\t\t\t<figure class=\"thumbnail\">\n\t\t\t\t\t\t\t\t<a href=\"https:\/\/gorbetravel.hu\/en\/uti-celok\/bosznia-hercegovina\/\">\n\t\t\t\t\t<img decoding=\"async\" src=\"https:\/\/gorbetravel.hu\/wp-content\/uploads\/2025\/12\/Bosznia-Hercegovina-utazas-Mostar-header-990x490.jpg\" alt=\"\" \/>\n\t\t\t\t<\/a>\n\t\t\t\t\t\t\t<\/figure>\n\t\t<\/div>\n\t\t\t\t\t<div class=\"wpte-trip-category-text-wrap\">\n\t\t\t\t<h2 class=\"wpte-trip-category-title\"><a href=\"https:\/\/gorbetravel.hu\/en\/uti-celok\/bosznia-hercegovina\/\">Bosznia-Hercegovina<\/a>\n\t\t\t\t\t\t\t<\/h2>\n\t\t<\/div>\n\t\t\t<\/div>\n<\/div>\n\t<\/div>\n\t<\/div>\n<\/div><\/div>\n<\/div><\/div>","protected":false},"excerpt":{"rendered":"Home","protected":false},"author":1,"featured_media":0,"parent":0,"menu_order":0,"comment_status":"closed","ping_status":"closed","template":"","meta":{"footnotes":""},"class_list":["post-5262","page","type-page","status-publish","hentry"],"_links":{"self":[{"href":"https:\/\/gorbetravel.hu\/en\/wp-json\/wp\/v2\/pages\/5262","targetHints":{"allow":["GET"]}}],"collection":[{"href":"https:\/\/gorbetravel.hu\/en\/wp-json\/wp\/v2\/pages"}],"about":[{"href":"https:\/\/gorbetravel.hu\/en\/wp-json\/wp\/v2\/types\/page"}],"author":[{"embeddable":true,"href":"https:\/\/gorbetravel.hu\/en\/wp-json\/wp\/v2\/users\/1"}],"replies":[{"embeddable":true,"href":"https:\/\/gorbetravel.hu\/en\/wp-json\/wp\/v2\/comments?post=5262"}],"version-history":[{"count":5,"href":"https:\/\/gorbetravel.hu\/en\/wp-json\/wp\/v2\/pages\/5262\/revisions"}],"predecessor-version":[{"id":8403,"href":"https:\/\/gorbetravel.hu\/en\/wp-json\/wp\/v2\/pages\/5262\/revisions\/8403"}],"wp:attachment":[{"href":"https:\/\/gorbetravel.hu\/en\/wp-json\/wp\/v2\/media?parent=5262"}],"curies":[{"name":"wp","href":"https:\/\/api.w.org\/{rel}","templated":true}]}}