{"id":6782,"date":"2025-11-21T07:56:48","date_gmt":"2025-11-21T06:56:48","guid":{"rendered":"https:\/\/gorbetravel.hu\/thank-you\/"},"modified":"2025-11-28T09:20:11","modified_gmt":"2025-11-28T08:20:11","slug":"koszonjuk","status":"publish","type":"page","link":"https:\/\/gorbetravel.hu\/en\/koszonjuk\/","title":{"rendered":"K\u00f6sz\u00f6nj\u00fck"},"content":{"rendered":"Thank you for booking the trip. Please check your email for confirmation.","protected":false},"excerpt":{"rendered":"Thank you for booking the trip. Please check your email for confirmation.","protected":false},"author":1,"featured_media":0,"parent":0,"menu_order":0,"comment_status":"closed","ping_status":"closed","template":"","meta":{"rs_blank_template":"","rs_page_bg_color":"","slide_template_v7":"","footnotes":""},"class_list":["post-6782","page","type-page","status-publish","hentry"],"_links":{"self":[{"href":"https:\/\/gorbetravel.hu\/en\/wp-json\/wp\/v2\/pages\/6782","targetHints":{"allow":["GET"]}}],"collection":[{"href":"https:\/\/gorbetravel.hu\/en\/wp-json\/wp\/v2\/pages"}],"about":[{"href":"https:\/\/gorbetravel.hu\/en\/wp-json\/wp\/v2\/types\/page"}],"author":[{"embeddable":true,"href":"https:\/\/gorbetravel.hu\/en\/wp-json\/wp\/v2\/users\/1"}],"replies":[{"embeddable":true,"href":"https:\/\/gorbetravel.hu\/en\/wp-json\/wp\/v2\/comments?post=6782"}],"version-history":[{"count":1,"href":"https:\/\/gorbetravel.hu\/en\/wp-json\/wp\/v2\/pages\/6782\/revisions"}],"predecessor-version":[{"id":7078,"href":"https:\/\/gorbetravel.hu\/en\/wp-json\/wp\/v2\/pages\/6782\/revisions\/7078"}],"wp:attachment":[{"href":"https:\/\/gorbetravel.hu\/en\/wp-json\/wp\/v2\/media?parent=6782"}],"curies":[{"name":"wp","href":"https:\/\/api.w.org\/{rel}","templated":true}]}}