{"id":7343,"date":"2025-12-09T14:23:24","date_gmt":"2025-12-09T13:23:24","guid":{"rendered":"https:\/\/gorbetravel.hu\/?page_id=7343"},"modified":"2025-12-09T15:20:05","modified_gmt":"2025-12-09T14:20:05","slug":"cookie-tajekoztato","status":"publish","type":"page","link":"https:\/\/gorbetravel.hu\/en\/cookie-tajekoztato\/","title":{"rendered":"Cookie (s\u00fcti) t\u00e1j\u00e9koztat\u00f3"},"content":{"rendered":"<p><strong>I. A COOKIE-KR\u00d3L \u00c1LTAL\u00c1BAN \u00c9S AZ ADATKEZEL\u00c9S C\u00c9LJA:<\/strong><br \/>\nA cookie-k vagy m\u00e1s n\u00e9ven s\u00fctik haszn\u00e1lat\u00e1nak c\u00e9lja, hogy gyors\u00edts\u00e1k a honlap haszn\u00e1lat\u00e1t, kiegyens\u00falyozz\u00e1k a szerverekre \u00e9rkez\u0151 terhel\u00e9st, vagy automatizmusokkal seg\u00edts\u00e9k \u00e9s k\u00f6nny\u00edts\u00e9k a honlap haszn\u00e1lat\u00e1t. A s\u00fctik olyan f\u00e1jlok vagy inform\u00e1ci\u00f3darabok, amelyeket a l\u00e1togat\u00f3 \u00e1ltal el\u00e9rt webszerver k\u00fcld a l\u00e1togat\u00f3 sz\u00e1m\u00edt\u00f3g\u00e9p\u00e9nek webb\u00f6ng\u00e9sz\u0151je sz\u00e1m\u00e1ra.<\/p>\n<p>Egy s\u00fcti \u00e1ltal\u00e1ban tartalmazza annak a webhelynek a nev\u00e9t, ahonnan \u00e9rkezett; a s\u00fcti \u00e9rt\u00e9k\u00e9t, vagyis egy v\u00e9letlenszer\u0171en gener\u00e1lt egyedi sz\u00e1mot; valamint \u00e9lettartam\u00e1t, azaz azt, hogy milyen hosszan marad az online kommunik\u00e1ci\u00f3s eszk\u00f6z\u00f6n. A s\u00fcti a felhaszn\u00e1l\u00f3 k\u00e9sz\u00fcl\u00e9k\u00e9nek h\u00e1tt\u00e9rt\u00e1rj\u00e1ban egy f\u00e1jlban t\u00e1rol\u00f3dik. A f\u00e1jl tartalm\u00e1t a s\u00fctit elk\u00fcld\u0151 webszerver b\u00e1rmikor lek\u00e9rdezheti a b\u00f6ng\u00e9sz\u0151t\u0151l.<\/p>\n<p><strong>II. AZ \u00c9RINTETTEK K\u00d6RE:<\/strong><br \/>\nA weboldalt l\u00e1togat\u00f3 valamennyi \u00c9rintett.<\/p>\n<p><strong>III. MEGK\u00dcL\u00d6NB\u00d6ZTETHET\u0150K A S\u00dcTIK (COOKIE-K) AL\u00c1BBI T\u00cdPUSAI:<\/strong><\/p>\n<p><strong>1. Elengedhetetlen munkamenet (session-id) s\u00fctik (M\u0171szaki [sz\u00fcks\u00e9ges] cookie-k):<\/strong><br \/>\nEzek n\u00e9lk\u00fcl\u00f6zhetetlenek az adott weboldalon t\u00f6rt\u00e9n\u0151 navig\u00e1l\u00e1shoz, a weboldal kulcsfontoss\u00e1g\u00fa funkci\u00f3inak m\u0171k\u00f6d\u00e9s\u00e9hez \u00e9s a v\u00e9dett tartalmak el\u00e9r\u00e9s\u00e9hez. Ezek a s\u00fctik nem gy\u0171jtenek olyan inform\u00e1ci\u00f3kat, melyeket marketing c\u00e9lb\u00f3l fel lehetne haszn\u00e1lni, vagy amelyek eml\u00e9kezn\u00e9nek arra, milyen m\u00e1s weboldalakon j\u00e1rt a l\u00e1togat\u00f3. A honlap bez\u00e1r\u00e1sa ut\u00e1n e s\u00fctik automatikusan t\u00f6rl\u0151dnek \u00e9s a munkamenet lez\u00e1r\u00e1sra ker\u00fcl. Ha a l\u00e1togat\u00f3 nem fogadja el ezeket s\u00fctiket, akkor a honlap, illetve annak egyes r\u00e9szei nem, vagy hib\u00e1san jelenhetnek meg, vagy nem lesznek el\u00e9rhet\u0151k, lehetetlenn\u00e9 t\u00e9ve a honlap haszn\u00e1lat\u00e1t, \u0171rlapok kit\u00f6lt\u00e9s\u00e9t. Ezek a s\u00fctik jogszer\u0171en alkalmazhat\u00f3ak az \u00e9rintett hozz\u00e1j\u00e1rul\u00e1s\u00e1nak hi\u00e1ny\u00e1ban is.<\/p>\n<p><strong>2. Statisztikai c\u00e9l\u00fa s\u00fctik (M\u0171szaki [funkcion\u00e1lis] cookie-k):<\/strong><br \/>\nEzek a s\u00fctik a honlapok teljes\u00edtm\u00e9ny\u00e9hez, fejleszt\u00e9s\u00e9hez, a felhaszn\u00e1l\u00f3i \u00e9lm\u00e9ny jav\u00edt\u00e1s\u00e1hoz kapcsol\u00f3dnak, \u00e9s lehet\u0151v\u00e9 teszik, hogy az adott honlap \u00fczemeltet\u0151je azzal kapcsolatosan gy\u0171jts\u00f6n adatokat, hogy a felhaszn\u00e1l\u00f3k mik\u00e9nt haszn\u00e1lj\u00e1k az adott honlapot. Az \u00e1ltaluk gy\u0171jt\u00f6tt inform\u00e1ci\u00f3k arra vonatkoznak, hogy a l\u00e1togat\u00f3 az oldal mely r\u00e9sz\u00e9re kattintott, h\u00e1ny honlapot vagy oldalt keresett fel, milyen hossz\u00fa volt az egyes munkamenetek megtekint\u00e9si ideje, milyen esetleges hiba\u00fczenetek \u00e9rkeztek, stb. A statisztikai c\u00e9l\u00fa s\u00fctik k\u00f6z\u00f6tt is megk\u00fcl\u00f6nb\u00f6zett\u00fcnk \u00e1lland\u00f3 \u00e9s munkamenet s\u00fctiket, aszerint, hogy mennyi ideig t\u00e1rol\u00f3dnak azok a l\u00e1togat\u00f3 b\u00f6ng\u00e9sz\u0151j\u00e9ben, illetve eszk\u00f6z\u00e9n. A statisztikai c\u00e9l\u00fa s\u00fctik a felhaszn\u00e1l\u00f3 eszk\u00f6zein egy adott honlap b\u00f6ng\u00e9sz\u00e9se sor\u00e1n ker\u00fclnek elhelyez\u00e9sre, azokat a b\u00f6ng\u00e9sz\u0151 be\u00e1ll\u00edt\u00e1sokn\u00e1l ut\u00f3lag lehets\u00e9ges t\u00f6r\u00f6lni, \u00e9s indokolt az \u00e9rintett hozz\u00e1j\u00e1rul\u00e1s\u00e1t k\u00e9rni azok haszn\u00e1lat\u00e1hoz.<\/p>\n<p><strong>3. Hirdet\u00e9si c\u00e9l\u00fa s\u00fctik (Harmadik f\u00e9lt\u0151l sz\u00e1rmaz\u00f3 [funkcion\u00e1lis] cookie-k):<\/strong><br \/>\nEzeknek a s\u00fctiknek a c\u00e9lja, hogy a honlapokon az adott l\u00e1togat\u00f3 sz\u00e1m\u00e1ra relev\u00e1ns hirdet\u00e9sek jelenjenek meg. Ezek a s\u00fctik olyan inform\u00e1ci\u00f3kat gy\u0171jtenek, mint pl. a l\u00e1togat\u00f3 melyik oldalt n\u00e9zte meg, a honlap mely r\u00e9sz\u00e9re kattintott, h\u00e1ny weboldalt keresett fel, a l\u00e1togat\u00f3 \u00e9rdekl\u0151d\u00e9s\u00e9re sz\u00e1mot tart\u00f3 tartalmak megjelen\u00edt\u00e9se \u00e9rdek\u00e9ben. A hirdet\u00e9si c\u00e9l\u00fa s\u00fctik elhelyez\u00e9s\u00e9hez f\u0151szab\u00e1ly szerint az \u00e9rintett hozz\u00e1j\u00e1rul\u00e1sa sz\u00fcks\u00e9ges. A hirdet\u00e9si c\u00e9l\u00fa cookie-k lehetnek:<br \/>\n\u2022 Meta (Facebook, Instagram) \u00e1ltal elhelyezett cookie-k (s\u00fctik):<br \/>\nA Meta (Facebook, Instagram) \u00e1ltal elhelyezett cookie-kr\u00f3l b\u0151vebben a\u00a0<a href=\"https:\/\/hu-hu.facebook.com\/policies\/cookies\/\" target=\"_blank\" rel=\"noopener noreferrer nofollow\">https:\/\/hu-hu.facebook.com\/policies\/cookies\/<\/a>\u00a0c\u00edmen t\u00e1j\u00e9koz\u00f3dhat, ahol a cookie-k letilt\u00e1s\u00e1val kapcsolatban is inform\u00e1l\u00f3dhat.<br \/>\n\u2022 Google Analytics \u00e1ltal elhelyezett cookie-k (s\u00fctik):<br \/>\nA Google Analytics a Google Inc. (\u201eGoogle\u201d) elemz\u0151-szolg\u00e1ltat\u00e1sa. A Google Analytics az \u00c9rintett sz\u00e1m\u00edt\u00f3g\u00e9p\u00e9n t\u00e1rolt cookie-k (s\u00fctik) seg\u00edts\u00e9g\u00e9vel elemzi a Weboldalon l\u00e9trej\u00f6tt felhaszn\u00e1l\u00f3i interakci\u00f3kat. A webanalitikai c\u00e9l\u00fa adatkezel\u00e9s jogalapja a Weboldalon haszn\u00e1l\u00f3j\u00e1nak \u00f6nk\u00e9ntes hozz\u00e1j\u00e1rul\u00e1sa. Az analitikai c\u00e9l\u00fa cookie-k (s\u00fctik) anonimiz\u00e1lt \u00e9s aggreg\u00e1lt adatok, amelyek alapj\u00e1n a sz\u00e1m\u00edt\u00f3g\u00e9p beazonos\u00edt\u00e1sa neh\u00e9zkes, azonban az nem z\u00e1rhat\u00f3 ki. A Google Analytics cookie-k (s\u00fctik) \u00e1ltal gy\u0171jt\u00f6tt analitikai inform\u00e1ci\u00f3k a Google szervereire ker\u00fclnek \u00e1tvitelre \u00e9s t\u00e1rol\u00e1sra. Ezeket az inform\u00e1ci\u00f3kat a Google az Adatkezel\u0151 megb\u00edz\u00e1s\u00e1b\u00f3l dolgozza fel, hogy ki\u00e9rt\u00e9kelje a felhaszn\u00e1l\u00f3k holnapl\u00e1togat\u00e1si szok\u00e1sait, riportokat \u00e1ll\u00edtson \u00f6ssze a Weboldalon haszn\u00e1lat\u00e1nak gyakoris\u00e1g\u00e1r\u00f3l, \u00e9s tov\u00e1bbi, a haszn\u00e1lattal \u00f6sszef\u00fcgg\u0151 szolg\u00e1ltat\u00e1sokat teljes\u00edtsen az Adatkezel\u0151 fel\u00e9. A Google Analytics alkalmaz\u00e1s keret\u00e9ben \u2013 a b\u00f6ng\u00e9sz\u0151n kereszt\u00fcl tov\u00e1bb\u00edtott IP- c\u00edmet a Google nem kapcsolja \u00f6ssze m\u00e1s adatokkal. A Google Analytics analitikai c\u00e9l\u00fa cookie-kat (s\u00fctiket) haszn\u00e1l. A Google Analytics \u00e1ltal haszn\u00e1lt cookie-kr\u00f3l (s\u00fctikr\u0151l) tov\u00e1bbi inform\u00e1ci\u00f3 megtekinthet\u0151 a k\u00f6vetkez\u0151 linken:<br \/>\n<a href=\"https:\/\/developers.google.com\/analytics\/devguides\/collection\/analyticsjs\/cookie-usage#analyticsjs\" target=\"_blank\" rel=\"noopener noreferrer nofollow\">https:\/\/developers.google.com\/analytics\/devguides\/collection\/analyticsjs\/cookie-usage#analyticsjs<\/a><br \/>\n\u2022 Google Ads:<br \/>\nA Weboldal a Google Adwords remarketing k\u00f6vet\u0151 k\u00f3djait haszn\u00e1lja. Ennek alapja, hogy az oldalra l\u00e1togat\u00f3kat k\u00e9s\u0151bb a Google Display h\u00e1l\u00f3zat\u00e1ba tartoz\u00f3 weboldalakon remarketing hirdet\u00e9sekkel kereshess\u00fck fel. A remarketing k\u00f3d cookie-kat haszn\u00e1l, a l\u00e1togat\u00f3k megc\u00edmk\u00e9z\u00e9s\u00e9hez. A Weboldal felhaszn\u00e1l\u00f3i letilthatj\u00e1k ezeket a cookie-kat, amennyiben felkeresik a Google hirdet\u00e9si be\u00e1ll\u00edt\u00e1sok kezel\u0151j\u00e9t \u00e9s k\u00f6vetik az ott tal\u00e1lhat\u00f3 utas\u00edt\u00e1sokat. Ezt k\u00f6vet\u0151en a sz\u00e1mukra nem fognak megjelenni szem\u00e9lyre szabott aj\u00e1nlatok a Szolg\u00e1ltat\u00f3t\u00f3l. A Google \u00e1ltal haszn\u00e1lt cookie-kr\u00f3l (s\u00fctikr\u0151l) tov\u00e1bbi inform\u00e1ci\u00f3 megtekinthet\u0151 a k\u00f6vetkez\u0151 linken:<br \/>\n<a href=\"https:\/\/policies.google.com\/technologies\/ads?hl=hu\" target=\"_blank\" rel=\"noopener noreferrer nofollow\">https:\/\/policies.google.com\/technologies\/ads?hl=hu<\/a><br \/>\n\u2022 EMARSYS:<br \/>\nA Web Extend JavaScript parancsok korl\u00e1tlan ideig gy\u0171jtik \u00e9s t\u00e1rolj\u00e1k a webhelyb\u00f6ng\u00e9sz\u00e9si viselked\u00e9st a saj\u00e1t adatb\u00e1zisunkban, de ezek az adatok mindig n\u00e9vtelenek vagy \u00e1lneves\u00edtettek, \u00e9s harmadik f\u00e9l nem haszn\u00e1lhatja ki \u0151ket biztons\u00e1gi megs\u00e9rt\u00e9s eset\u00e9n. Tov\u00e1bbi azonos\u00edt\u00e1si int\u00e9zked\u00e9sek hi\u00e1ny\u00e1ban ezen adatok feldolgoz\u00e1s\u00e1t a GDPR nem korl\u00e1tozza.<\/p>\n<p><strong>4. Social media s\u00fctik (Harmadik f\u00e9lt\u0151l sz\u00e1rmaz\u00f3 [funkcion\u00e1lis] cookie-k:<\/strong><br \/>\nEzeknek a s\u00fctiknek a c\u00e9lja a honlapokon haszn\u00e1lt k\u00f6z\u00f6ss\u00e9gi m\u00e9dia szolg\u00e1ltat\u00e1sok biztos\u00edt\u00e1sa a l\u00e1togat\u00f3 sz\u00e1m\u00e1ra, p\u00e9ld\u00e1ul amikor a l\u00e1togat\u00f3 egy honlapr\u00f3l tartalmat oszt meg a Facebookon, Twitteren, vagy egy\u00e9b k\u00f6z\u00f6ss\u00e9gi m\u00e9dia szolg\u00e1ltat\u00e1shoz kapcsol\u00f3d\u00f3 fel\u00fcleten, vagy \u00f6sszekapcsolja a fi\u00f3kj\u00e1t k\u00f6z\u00f6ss\u00e9gi tartalmakkal, vagy amikor a k\u00f6z\u00f6ss\u00e9gi m\u00e9dia szolg\u00e1ltat\u00f3 \u00e1ltal biztos\u00edtott plug-in-eken (kieg\u00e9sz\u00edt\u0151 programok) kereszt\u00fcl a k\u00f6z\u00f6ss\u00e9gi m\u00e9dia szolg\u00e1ltat\u00f3 \u00e1ltal t\u00e1rolt tartalmak jelennek meg az oldalon. A k\u00f6z\u00f6ss\u00e9gi m\u00e9dia szolg\u00e1ltat\u00f3k a s\u00fctiken kereszt\u00fcl adatokat gy\u0171jthetnek arr\u00f3l, hogy a l\u00e1togat\u00f3 hogyan haszn\u00e1lja a k\u00f6z\u00f6ss\u00e9gi m\u00e9dia szolg\u00e1ltat\u00f3 \u00e1ltal biztos\u00edtott szolg\u00e1ltat\u00e1sokat, milyen tartalmakat oszt meg, mindezt a l\u00e1togat\u00f3 \u00e9rdekl\u0151d\u00e9s\u00e9re sz\u00e1mot tart\u00f3 tartalmak megjelen\u00edt\u00e9se \u00e9rdek\u00e9ben, \u00edgy az \u00e9rintett hozz\u00e1j\u00e1rul\u00e1sa sz\u00fcks\u00e9ges azok m\u0171k\u00f6dtet\u00e9s\u00e9hez.<br \/>\nWeboldalon elhelyezett s\u00fctikkel kapcsolatos t\u00e1j\u00e9koztat\u00f3kat az al\u00e1bbi linkeken tal\u00e1lja:<br \/>\n\u2022 Google:\u00a0<a href=\"https:\/\/support.google.com\/analytics\/answer\/7667196?hl=hu\" target=\"_blank\" rel=\"noopener noreferrer nofollow\">https:\/\/support.google.com\/analytics\/answer\/7667196?hl=hu<\/a><br \/>\n\u2022 Meta (Facebook, Instagram) :\u00a0<a href=\"https:\/\/www.facebook.com\/policies\/cookies\/\" target=\"_blank\" rel=\"noopener noreferrer nofollow\">https:\/\/www.facebook.com\/policies\/cookies\/<\/a><br \/>\n\u2022 TikTok:\u00a0<a href=\"https:\/\/www.tiktok.com\/legal\/tiktok-website-cookies-policy?lang=hu-HU\" target=\"_blank\" rel=\"noopener noreferrer nofollow\">https:\/\/www.tiktok.com\/legal\/tiktok-website-cookies-policy?lang=hu-HU<\/a><br \/>\n\u2022 Pinterest: https:\/\/policy.pinterest.com\/hu\/cookies<br \/>\n\u2022 Youtube:\u00a0<a href=\"https:\/\/www.youtube.com\/intl\/ALL_hu\/howyoutubeworks\/user-settings\/privacy\/\" target=\"_blank\" rel=\"noopener noreferrer nofollow\">https:\/\/www.youtube.com\/intl\/ALL_hu\/howyoutubeworks\/user-settings\/privacy\/<\/a><br \/>\n\u2022 Twitter:\u00a0<a href=\"https:\/\/help.twitter.com\/en\/rules-and-policies\/twitter-cookies\" target=\"_blank\" rel=\"noopener noreferrer nofollow\">https:\/\/help.twitter.com\/en\/rules-and-policies\/twitter-cookies<\/a><\/p>\n<p><strong>5. M\u00e1s, harmadik f\u00e9lt\u0151l sz\u00e1rmaz\u00f3 k\u00fcls\u0151 s\u00fctik (Harmadik f\u00e9lt\u0151l sz\u00e1rmaz\u00f3 [k\u00e9nyelmi] cookie-k:<\/strong><br \/>\nA fentieken t\u00falmen\u0151en az adott weboldal \u00fczemeltet\u0151j\u00e9vel szerz\u0151d\u00e9ses kapcsolatban nem \u00e1ll\u00f3 m\u00e1s szolg\u00e1ltat\u00e1sok \u00fczemeltet\u0151i is helyezhetnek el s\u00fctiket az adott weboldalon, annak \u00fczemeltet\u0151j\u00e9t\u0151l teljesen f\u00fcggetlen\u00fcl, saj\u00e1t m\u0171k\u00f6d\u00e9s\u00fck \u00e9rdek\u00e9ben. Az ilyen s\u00fctik alatt teh\u00e1t olyan s\u00fctiket kell \u00e9rteni, amelyek a felhaszn\u00e1l\u00f3 \u00e1ltal megl\u00e1togatott weboldalnak a b\u00f6ng\u00e9sz\u0151 c\u00edmsor\u00e1ban megjelen\u0151 tartom\u00e1nyt\u00f3l (domain) elt\u00e9r\u0151 tartom\u00e1nyhoz tartoznak, f\u00fcggetlen\u00fcl annak b\u00e1rmif\u00e9le m\u00e9rlegel\u00e9s\u00e9t\u0151l, hogy ez a szervezet \u00f6n\u00e1ll\u00f3 adatkezel\u0151-e vagy sem.<\/p>\n<p><strong>IV. A KEZELT ADATOK K\u00d6RE:<\/strong><br \/>\nTechnikai adatok (s\u00fctikt\u0151l f\u00fcgg\u0151en, de legfeljebb) az \u00c9rintett r\u00e9sz\u00e9r\u0151l, \u00edgy:<br \/>\n\u2022 Domain n\u00e9v;<br \/>\n\u2022 L\u00e1togat\u00e1s d\u00e1tuma \u00e9s ideje;<br \/>\n\u2022 HTTP v\u00e1laszk\u00f3d;<br \/>\n\u2022 Megl\u00e1togatott oldalak;<br \/>\n\u2022 Oldalak egy\u00e9ni be\u00e1ll\u00edt\u00e1sai;<br \/>\n\u2022 Oper\u00e1ci\u00f3s rendszer \u00e9s verzi\u00f3sz\u00e1ma;<br \/>\n\u2022 B\u00f6ng\u00e9sz\u0151program \u00e9s verzi\u00f3sz\u00e1ma;<br \/>\n\u2022 K\u00e9perny\u0151 felbont\u00e1s.<br \/>\nA fenti adatokat a Weboldal automatikusan napl\u00f3zza.<\/p>\n<p><strong>V. AZ ADATKEZEL\u00c9S ID\u0150TARTAMA:<\/strong><br \/>\nNapl\u00f3z\u00e1s id\u0151pontj\u00e1t\u00f3l sz\u00e1m\u00edtottan att\u00f3l f\u00fcgg\u0151 id\u0151tartam, hogy az adott cookie (s\u00fcti) mit hat\u00e1roz meg azzal, hogy az adatkezel\u00e9s id\u0151tartama semmilyen esetben sem haladja meg a napl\u00f3z\u00e1st\u00f3l sz\u00e1m\u00edtott 5 (\u00f6t) \u00e9vet.<\/p>\n<p><strong>VI. A S\u00dcTIK KEZEL\u00c9SE:<\/strong><br \/>\nA v\u00e1laszt\u00e1si lehet\u0151s\u00e9g a haszn\u00e1lt b\u00f6ng\u00e9sz\u0151t\u0151l \u00e9s az oper\u00e1ci\u00f3s rendszert\u0151l f\u00fcgg. Minden b\u00f6ng\u00e9sz\u0151 be\u00e1ll\u00edt\u00e1s\u00e1ban lehet\u0151s\u00e9g van a cookie-k kezel\u00e9s\u00e9re. Az erre vonatkoz\u00f3 inform\u00e1ci\u00f3 a b\u00f6ng\u00e9sz\u0151 seg\u00edts\u00e9g men\u00fcpontj\u00e1ban \u00e9s az al\u00e1bbi linkeken tal\u00e1lhat\u00f3 meg, amely r\u00e9szletes inform\u00e1ci\u00f3t tartalmaz a v\u00e1laszthat\u00f3 be\u00e1ll\u00edt\u00e1sokr\u00f3l.<br \/>\n\u2022 Az Internet Explorer eset\u00e9n:<br \/>\n<a href=\"http:\/\/windows.microsoft.com\/hu-hu\/windows-vista\/Block-or-allow-cookies\" target=\"_blank\" rel=\"noopener noreferrer nofollow\">http:\/\/windows.microsoft.com\/hu-hu\/windows-vista\/Block-or-allow-cookies<\/a><br \/>\n\u2022 A Microsoft Edge eset\u00e9n:<br \/>\n<a href=\"https:\/\/support.microsoft.com\/hu-hu\/microsoft-edge\/a-cookie-k-%C3%A9s-a-webhelyadatok-ideiglenes-enged%C3%A9lyez%C3%A9se-a-microsoft-edge-ben-597f04f2-c0ce-f08c-7c2b-541086362bd2?fbclid=IwAR3_bBWuhbSKRZ0I5amHu62upT4VG_h3gkcku293Az9Y6Jt2js1yScsK6H4\" target=\"_blank\" rel=\"noopener noreferrer nofollow\">https:\/\/support.microsoft.com\/hu-hu\/microsoft-edge\/a-cookie-k-%C3%A9s-a-webhelyadatok-ideiglenes-enged%C3%A9lyez%C3%A9se-a-microsoft-edge-ben-597f04f2-c0ce-f08c-7c2b-541086362bd2?fbclid=IwAR3_bBWuhbSKRZ0I5amHu62upT4VG_h3gkcku293Az9Y6Jt2js1yScsK6H4<\/a><br \/>\n\u2022 Firefox eset\u00e9n:<br \/>\n<a href=\"https:\/\/support.mozilla.org\/hu\/kb\/S%C3%BCtik%20kezel%C3%A9se\" target=\"_blank\" rel=\"noopener noreferrer nofollow\">https:\/\/support.mozilla.org\/hu\/kb\/S%C3%BCtik%20kezel%C3%A9se<\/a><br \/>\n\u2022 Chrome eset\u00e9n:<br \/>\n<a href=\"https:\/\/support.google.com\/chrome\/answer\/95647?hl=hu&amp;hlrm=en\" target=\"_blank\" rel=\"noopener noreferrer nofollow\">https:\/\/support.google.com\/chrome\/answer\/95647?hl=hu&amp;hlrm=en<\/a><br \/>\n\u2022 Safari eset\u00e9n:<br \/>\n<a href=\"https:\/\/support.apple.com\/en-us\/HT201265\" target=\"_blank\" rel=\"noopener noreferrer nofollow\">https:\/\/support.apple.com\/en-us\/HT201265<\/a><br \/>\n\u2022 Opera eset\u00e9n:<br \/>\n<a href=\"http:\/\/help.opera.com\/Windows\/10.20\/hu\/cookies.html\" target=\"_blank\" rel=\"noopener noreferrer nofollow\">http:\/\/help.opera.com\/Windows\/10.20\/hu\/cookies.html<\/a><\/p>\n<p><strong>VII. A S\u00dcTIK T\u00d6RL\u00c9SE:<\/strong><br \/>\nAz \u00c9rintettnek joga van t\u00f6r\u00f6lni a s\u00fcti(ke)t saj\u00e1t sz\u00e1m\u00edt\u00f3g\u00e9p\u00e9r\u0151l, illetve letilthatja b\u00f6ng\u00e9sz\u0151j\u00e9ben a s\u00fctik alkalmaz\u00e1s\u00e1t. A s\u00fctik kezel\u00e9s\u00e9re \u00e1ltal\u00e1ban a b\u00f6ng\u00e9sz\u0151k Eszk\u00f6z\u00f6k\/Be\u00e1ll\u00edt\u00e1sok men\u00fcj\u00e9ben az Adatv\u00e9delem\/El\u0151zm\u00e9nyek\/Egy\u00e9ni Be\u00e1ll\u00edt\u00e1sok men\u00fc alatt, cookie, s\u00fcti vagy nyomonk\u00f6vet\u00e9s megnevez\u00e9ssel van lehet\u0151s\u00e9g. Adatkezel\u0151 ugyanakkor felh\u00edvja a figyelmet, hogy b\u00f6ng\u00e9sz\u0151nk\u00e9nt elt\u00e9rhet a cookie\/s\u00fcti t\u00f6rl\u00e9s\u00e9nek menete.<\/p>\n<p>A s\u00fctik haszn\u00e1lat\u00e1val szem\u00e9lyes adatok gy\u0171jt\u00e9s\u00e9re \u00e9s kezel\u00e9s\u00e9re, valamint az adott \u00c9rintettel t\u00f6rt\u00e9n\u0151 felhaszn\u00e1l\u00e1s\u00e1ra \u00e9s beazonos\u00edt\u00e1s\u00e1ra nem ker\u00fcl sor. Ezen adatok az \u00c9rintett beazonos\u00edt\u00e1s\u00e1ra alkalmatlanok.<\/p>\n<p><strong>VIII. A S\u00dcTIK KEZEL\u00c9S\u00c9NEK JOGALAPJA:<\/strong><br \/>\n1. Az elengedhetetlen munkamenet (session-id) s\u00fctik (III.1.) kezel\u00e9s\u00e9nek jogalapja a term\u00e9szetes szem\u00e9lyeknek a szem\u00e9lyes adatok kezel\u00e9se tekintet\u00e9ben t\u00f6rt\u00e9n\u0151 v\u00e9delm\u00e9r\u0151l \u00e9s az ilyen adatok szabad \u00e1raml\u00e1s\u00e1r\u00f3l, valamint a 95\/46\/EK ir\u00e1nyelv hat\u00e1lyon k\u00edv\u00fcl helyez\u00e9s\u00e9r\u0151l sz\u00f3l\u00f3 2016. \u00e1prilis 27-i (EU) 2016\/679 eur\u00f3pai parlamenti \u00e9s tan\u00e1csi rendelet 6. cikk (1) bekezd\u00e9s e) pontja \u00e9s a korm\u00e1ny tagjainak feladat- \u00e9s hat\u00e1sk\u00f6r\u00e9r\u0151l sz\u00f3l\u00f3 182\/2022. (V. 24.) Korm. rendelet 9. \u00a7 (1) bekezd\u00e9s 2. pontja.<br \/>\n2. A statisztikai \u00e9s hirdet\u00e9si c\u00e9l\u00fa, valamint a social media \u00e9s m\u00e1s, harmadik f\u00e9lt\u0151l sz\u00e1rmaz\u00f3 k\u00fcls\u0151 s\u00fctik (III.2.-5.) kezel\u00e9s\u00e9nek jogalapja a term\u00e9szetes szem\u00e9lyeknek a szem\u00e9lyes adatok kezel\u00e9se tekintet\u00e9ben t\u00f6rt\u00e9n\u0151 v\u00e9delm\u00e9r\u0151l \u00e9s az ilyen adatok szabad \u00e1raml\u00e1s\u00e1r\u00f3l, valamint a 95\/46\/EK ir\u00e1nyelv hat\u00e1lyon k\u00edv\u00fcl helyez\u00e9s\u00e9r\u0151l sz\u00f3l\u00f3 2016. \u00e1prilis 27-i (EU) 2016\/679 eur\u00f3pai parlamenti \u00e9s tan\u00e1csi rendelet 6. cikk (1) bekezd\u00e9s a) pontja, azaz az \u00e9rintett hozz\u00e1j\u00e1rul\u00e1sa.<\/p>\n<p>Gyakorlatban a weboldal haszn\u00e1latakor az alul megjelen\u0151 felugr\u00f3 ablakban az enged\u00e9lyez\u00e9s gomb megnyom\u00e1sa.<\/p>\n<p><strong>IX. AZ \u00c9RINTETTET MEGILLET\u0150 JOGOK:<\/strong><br \/>\n\u2022 M\u0171szaki cookie-k vonatkoz\u00e1s\u00e1ban:<br \/>\nAz \u00c9rintettet a m\u0171szaki s\u00fctikkel \u00f6sszef\u00fcgg\u00e9sben megilleti a hozz\u00e1f\u00e9r\u00e9shez, a helyesb\u00edt\u00e9shez, a t\u00f6rl\u00e9shez, az adatkezel\u00e9s korl\u00e1toz\u00e1s\u00e1hoz, \u00e9s a tiltakoz\u00e1shoz val\u00f3 jog, melyekr\u0151l b\u0151vebben az Adatkezel\u00e9si T\u00e1j\u00e9koztat\u00f3 10. pontj\u00e1ban olvashat, melyet az al\u00e1bbi linkre kattintva \u00e9r el: <a href=\"https:\/\/gorbetravel.hu\/adatkezelesi-tajekoztato\/\">https:\/\/gorbetravel.hu\/adatkezelesi-tajekoztato\/<\/a><br \/>\nHarmadik f\u00e9lt\u0151l sz\u00e1rmaz\u00f3 cookie-k vonatkoz\u00e1s\u00e1ban:<br \/>\nAz \u00c9rintettet a harmadik f\u00e9lt\u0151l sz\u00e1rmaz\u00f3 s\u00fctikkel \u00f6sszef\u00fcgg\u00e9sben megilleti a hozz\u00e1f\u00e9r\u00e9shez, a helyesb\u00edt\u00e9shez, a t\u00f6rl\u00e9shez, az adatkezel\u00e9s korl\u00e1toz\u00e1s\u00e1hoz, az adathordozhat\u00f3s\u00e1ghoz \u00e9s a hozz\u00e1j\u00e1rul\u00e1s visszavon\u00e1s\u00e1hoz val\u00f3 jog melyekr\u0151l b\u0151vebben az Adatkezel\u00e9si T\u00e1j\u00e9koztat\u00f3 10. pontj\u00e1ban olvashat, melyet az al\u00e1bbi linkre kattintva \u00e9r el: <a href=\"https:\/\/gorbetravel.hu\/adatkezelesi-tajekoztato\/\">https:\/\/gorbetravel.hu\/adatkezelesi-tajekoztato\/<\/a><\/p>\n<p><strong>X. JOG\u00c9RV\u00c9NYES\u00cdT\u00c9SI LEHET\u0150S\u00c9GEK, PANASZT\u00c9TELI \u00c9S JOGORVOSLATI JOG:<\/strong><br \/>\nAz \u00c9rintett a szem\u00e9lyes adatai kezel\u00e9s\u00e9vel \u00f6sszef\u00fcgg\u0151 jogs\u00e9relme eset\u00e9n, tov\u00e1bb\u00e1 jogainak \u00e9rv\u00e9nyes\u00edt\u00e9se \u00e9rdek\u00e9ben az Adatkezel\u00e9si T\u00e1j\u00e9koztat\u00f3 10. pontj\u00e1ban r\u00e9szletesen k\u00f6r\u00fcl\u00edrt lehet\u0151s\u00e9gekkel \u00e9lhet, melyet az al\u00e1bbi linkre kattintva \u00e9r el: <a href=\"https:\/\/gorbetravel.hu\/adatkezelesi-tajekoztato\/\">https:\/\/gorbetravel.hu\/adatkezelesi-tajekoztato\/<\/a><\/p>\n","protected":false},"excerpt":{"rendered":"<p>I. A COOKIE-KR\u00d3L \u00c1LTAL\u00c1BAN \u00c9S AZ ADATKEZEL\u00c9S C\u00c9LJA: A cookie-k vagy m\u00e1s n\u00e9ven s\u00fctik haszn\u00e1lat\u00e1nak c\u00e9lja, hogy gyors\u00edts\u00e1k a honlap haszn\u00e1lat\u00e1t, kiegyens\u00falyozz\u00e1k a szerverekre \u00e9rkez\u0151 terhel\u00e9st, vagy automatizmusokkal seg\u00edts\u00e9k \u00e9s k\u00f6nny\u00edts\u00e9k a honlap haszn\u00e1lat\u00e1t. A s\u00fctik olyan f\u00e1jlok vagy inform\u00e1ci\u00f3darabok, amelyeket a l\u00e1togat\u00f3 \u00e1ltal el\u00e9rt webszerver k\u00fcld a l\u00e1togat\u00f3 sz\u00e1m\u00edt\u00f3g\u00e9p\u00e9nek webb\u00f6ng\u00e9sz\u0151je sz\u00e1m\u00e1ra. Egy s\u00fcti \u00e1ltal\u00e1ban tartalmazza annak a webhelynek a nev\u00e9t, ahonnan \u00e9rkezett; a s\u00fcti \u00e9rt\u00e9k\u00e9t, vagyis egy v\u00e9letlenszer\u0171en gener\u00e1lt egyedi sz\u00e1mot; valamint \u00e9lettartam\u00e1t, azaz azt, hogy milyen hosszan marad [&hellip;]<\/p>\n","protected":false},"author":1,"featured_media":0,"parent":0,"menu_order":0,"comment_status":"closed","ping_status":"closed","template":"","meta":{"footnotes":""},"class_list":["post-7343","page","type-page","status-publish","hentry"],"_links":{"self":[{"href":"https:\/\/gorbetravel.hu\/en\/wp-json\/wp\/v2\/pages\/7343","targetHints":{"allow":["GET"]}}],"collection":[{"href":"https:\/\/gorbetravel.hu\/en\/wp-json\/wp\/v2\/pages"}],"about":[{"href":"https:\/\/gorbetravel.hu\/en\/wp-json\/wp\/v2\/types\/page"}],"author":[{"embeddable":true,"href":"https:\/\/gorbetravel.hu\/en\/wp-json\/wp\/v2\/users\/1"}],"replies":[{"embeddable":true,"href":"https:\/\/gorbetravel.hu\/en\/wp-json\/wp\/v2\/comments?post=7343"}],"version-history":[{"count":2,"href":"https:\/\/gorbetravel.hu\/en\/wp-json\/wp\/v2\/pages\/7343\/revisions"}],"predecessor-version":[{"id":7345,"href":"https:\/\/gorbetravel.hu\/en\/wp-json\/wp\/v2\/pages\/7343\/revisions\/7345"}],"wp:attachment":[{"href":"https:\/\/gorbetravel.hu\/en\/wp-json\/wp\/v2\/media?parent=7343"}],"curies":[{"name":"wp","href":"https:\/\/api.w.org\/{rel}","templated":true}]}}